{"id":20,"date":"2021-05-15T18:03:43","date_gmt":"2021-05-15T18:03:43","guid":{"rendered":"https:\/\/flg.aqp.mybluehost.me\/?page_id=20"},"modified":"2022-03-28T22:01:20","modified_gmt":"2022-03-28T22:01:20","slug":"food-distribution","status":"publish","type":"page","link":"https:\/\/www.elcondorchicago.com\/es\/nosotros\/distribucion\/","title":{"rendered":"Distribucion de comida"},"content":{"rendered":"<div class=\"wpb-content-wrapper\"><div class=\"vc_row wpb_row vc_row-fluid vc_custom_1624501583368 eltdf-row-type-row\" style=\"\"><div class=\"wpb_column vc_column_container vc_col-sm-12\"><div class=\"vc_column-inner vc_custom_1474460664668\"><div class=\"wpb_wrapper\"><div class=\"eltdf-row-grid-section\"><div class=\"vc_row wpb_row vc_inner vc_row-fluid vc_custom_1475226373831\"><div class=\"wpb_column vc_column_container vc_col-sm-12 vc_col-lg-6\"><div class=\"vc_column-inner vc_custom_1475226359932\"><div class=\"wpb_wrapper\"><div class=\"eltdf-elements-holder eltdf-responsive-mode-768\" ><div class=\"eltdf-eh-item\" data-item-class=\"eltdf-eh-custom-484230\" data-1280-1600=\"30px 0 0 0\" data-1024-1280=\"12px 0 0 0\" data-768-1024=\"0 0 0 0\" data-600-768=\"0 0 0 0\" data-480=\"0 0 0 0\" >\n\t<div class=\"eltdf-eh-item-inner\" >\n\t\t<div class=\"eltdf-eh-item-content eltdf-eh-custom-484230\" style=\"padding: 44px 0 0 0\">\n\t\t\t<h2 style=\"font-size: 30px;line-height: 1.2;text-align: left;font-family:Signika;font-weight:700;font-style:normal\" class=\"vc_custom_heading vc_do_custom_heading\" >Mayor alcance, experiencia Andina m\u00e1s cercana<\/h2>\n\t<div class=\"wpb_text_column wpb_content_element\" >\n\t\t<div class=\"wpb_wrapper\">\n\t\t\t<p>A medida que El C\u00f3ndor construy\u00f3 relaciones con la comunidad local ecuatoriana y peruana, comenzamos a llamar la atenci\u00f3n de las tiendas de comestibles vecinas en Chicago.<\/p>\n<p>Comenzamos a servir a otros supermercados de Chicago como distribuidores de alimentos especializados, entregando productos populares de Am\u00e9rica del Sur.<\/p>\n<p>Cuanto m\u00e1s lejos estuvieran las comunidades, menos probable era que encontraran una experiencia sudamericana de calidad cerca.<\/p>\n<p>Expandimos nuestro alcance como distribuidor de alimentos a las tiendas de abarrotes familiares y cadenas de tiendas de abarrotes medianas a grandes en los estados del Medio Oeste, incluidos Illinois, Iowa, Indiana, Wisconsin y Minnesota.<\/p>\n\n\t\t<\/div>\n\t<\/div>\n<div class=\"vc_empty_space\"   style=\"height: 23px\"><span class=\"vc_empty_space_inner\"><\/span><\/div>\t\t<\/div>\n\t<\/div>\n<\/div><\/div><\/div><\/div><\/div><div class=\"wpb_column vc_column_container vc_col-sm-12 vc_col-lg-6\"><div class=\"vc_column-inner vc_custom_1475226366081\"><div class=\"wpb_wrapper\"><div class=\"vc_empty_space\"   style=\"height: 10px\"><span class=\"vc_empty_space_inner\"><\/span><\/div>\n\t<div  class=\"wpb_single_image wpb_content_element vc_align_left wpb_content_element wpb_animate_when_almost_visible wpb_right-to-left right-to-left\">\n\t\t\n\t\t<figure class=\"wpb_wrapper vc_figure\">\n\t\t\t<div class=\"vc_single_image-wrapper   vc_box_border_grey\"><img fetchpriority=\"high\" decoding=\"async\" width=\"480\" height=\"297\" src=\"https:\/\/i0.wp.com\/www.elcondorchicago.com\/wp-content\/uploads\/2021\/05\/Midwest_Ecuadorian_Peruvian_Food_Distribution.png?fit=480%2C297&amp;ssl=1\" class=\"vc_single_image-img attachment-full\" alt=\"\" title=\"Midwest_Ecuadorian_Peruvian_Food_Distribution\" srcset=\"https:\/\/i0.wp.com\/www.elcondorchicago.com\/wp-content\/uploads\/2021\/05\/Midwest_Ecuadorian_Peruvian_Food_Distribution.png?w=480&amp;ssl=1 480w, https:\/\/i0.wp.com\/www.elcondorchicago.com\/wp-content\/uploads\/2021\/05\/Midwest_Ecuadorian_Peruvian_Food_Distribution.png?resize=300%2C186&amp;ssl=1 300w\" sizes=\"(max-width: 480px) 100vw, 480px\" \/><\/div>\n\t\t<\/figure>\n\t<\/div>\n<div class=\"vc_empty_space\"   style=\"height: 10px\"><span class=\"vc_empty_space_inner\"><\/span><\/div><\/div><\/div><\/div><\/div><\/div><\/div><\/div><\/div><\/div><div class=\"vc_row wpb_row vc_row-fluid vc_custom_1622686048857 vc_row-has-fill eltdf-content-aligment-center eltdf-row-type-row\" style=\"\"><div class=\"wpb_column vc_column_container vc_col-sm-12\"><div class=\"vc_column-inner\"><div class=\"wpb_wrapper\"><h2 style=\"text-align: center;font-family:Abril Fatface;font-weight:400;font-style:normal\" class=\"vc_custom_heading vc_do_custom_heading vc_custom_1622686058754\" >A qui\u00e9n servimos<\/h2><div class=\"eltdf-row-grid-section\"><div class=\"vc_row wpb_row vc_inner vc_row-fluid eltdf-content-aligment-center\"><div class=\"wpb_column vc_column_container vc_col-sm-3\"><div class=\"vc_column-inner\"><div class=\"wpb_wrapper\"><div class=\"eltdf-image-with-text-holder\">\n    <div class=\"eltdf-iwt-image\">\n                                    <img decoding=\"async\" width=\"500\" height=\"500\" src=\"https:\/\/i0.wp.com\/www.elcondorchicago.com\/wp-content\/uploads\/2021\/06\/El-Condor-Restaurant-Food-Distribution.jpg?fit=500%2C500&amp;ssl=1\" class=\"attachment-full size-full\" alt=\"El Condor Restaurant Food Distribution\" srcset=\"https:\/\/i0.wp.com\/www.elcondorchicago.com\/wp-content\/uploads\/2021\/06\/El-Condor-Restaurant-Food-Distribution.jpg?w=500&amp;ssl=1 500w, https:\/\/i0.wp.com\/www.elcondorchicago.com\/wp-content\/uploads\/2021\/06\/El-Condor-Restaurant-Food-Distribution.jpg?resize=300%2C300&amp;ssl=1 300w, https:\/\/i0.wp.com\/www.elcondorchicago.com\/wp-content\/uploads\/2021\/06\/El-Condor-Restaurant-Food-Distribution.jpg?resize=150%2C150&amp;ssl=1 150w\" sizes=\"(max-width: 500px) 100vw, 500px\" \/>                        <\/div>\n    <div class=\"eltdf-iwt-text-holder\">\n                    <h3 class=\"eltdf-iwt-title\" >Restaurantes<\/h3>\n        \t\t            <p class=\"eltdf-iwt-text\" >Complementamos la experiencia de cenar con un toque sudamericano.<\/p>\n            <\/div>\n<\/div><div class=\"vc_empty_space\"   style=\"height: 40px\"><span class=\"vc_empty_space_inner\"><\/span><\/div><\/div><\/div><\/div><div class=\"wpb_column vc_column_container vc_col-sm-3\"><div class=\"vc_column-inner\"><div class=\"wpb_wrapper\"><div class=\"eltdf-image-with-text-holder\">\n    <div class=\"eltdf-iwt-image\">\n                                    <img decoding=\"async\" width=\"500\" height=\"500\" src=\"https:\/\/i0.wp.com\/www.elcondorchicago.com\/wp-content\/uploads\/2021\/06\/El-Condor-Local-Grocer-Food-Distribution.jpg?fit=500%2C500&amp;ssl=1\" class=\"attachment-full size-full\" alt=\"El Condor Local Grocer Food Distribution\" srcset=\"https:\/\/i0.wp.com\/www.elcondorchicago.com\/wp-content\/uploads\/2021\/06\/El-Condor-Local-Grocer-Food-Distribution.jpg?w=500&amp;ssl=1 500w, https:\/\/i0.wp.com\/www.elcondorchicago.com\/wp-content\/uploads\/2021\/06\/El-Condor-Local-Grocer-Food-Distribution.jpg?resize=300%2C300&amp;ssl=1 300w, https:\/\/i0.wp.com\/www.elcondorchicago.com\/wp-content\/uploads\/2021\/06\/El-Condor-Local-Grocer-Food-Distribution.jpg?resize=150%2C150&amp;ssl=1 150w\" sizes=\"(max-width: 500px) 100vw, 500px\" \/>                        <\/div>\n    <div class=\"eltdf-iwt-text-holder\">\n                    <h3 class=\"eltdf-iwt-title\" >Tenderos locales<\/h3>\n        \t\t            <p class=\"eltdf-iwt-text\" >Mantenemos una estrecha relaci\u00f3n con los tenderos en diversas comunidades.<\/p>\n            <\/div>\n<\/div><div class=\"vc_empty_space\"   style=\"height: 40px\"><span class=\"vc_empty_space_inner\"><\/span><\/div><\/div><\/div><\/div><div class=\"wpb_column vc_column_container vc_col-sm-3\"><div class=\"vc_column-inner\"><div class=\"wpb_wrapper\"><div class=\"eltdf-image-with-text-holder\">\n    <div class=\"eltdf-iwt-image\">\n                                    <img loading=\"lazy\" decoding=\"async\" width=\"500\" height=\"500\" src=\"https:\/\/i0.wp.com\/www.elcondorchicago.com\/wp-content\/uploads\/2021\/06\/El-Condor-Grocery-Chain-Food-Distribution.jpg?fit=500%2C500&amp;ssl=1\" class=\"attachment-full size-full\" alt=\"El Condor Grocery Chain Food Distribution\" srcset=\"https:\/\/i0.wp.com\/www.elcondorchicago.com\/wp-content\/uploads\/2021\/06\/El-Condor-Grocery-Chain-Food-Distribution.jpg?w=500&amp;ssl=1 500w, https:\/\/i0.wp.com\/www.elcondorchicago.com\/wp-content\/uploads\/2021\/06\/El-Condor-Grocery-Chain-Food-Distribution.jpg?resize=300%2C300&amp;ssl=1 300w, https:\/\/i0.wp.com\/www.elcondorchicago.com\/wp-content\/uploads\/2021\/06\/El-Condor-Grocery-Chain-Food-Distribution.jpg?resize=150%2C150&amp;ssl=1 150w\" sizes=\"(max-width: 500px) 100vw, 500px\" \/>                        <\/div>\n    <div class=\"eltdf-iwt-text-holder\">\n                    <h3 class=\"eltdf-iwt-title\" >Cadenas de abarrotes<\/h3>\n        \t\t            <p class=\"eltdf-iwt-text\" >Apoyamos a las tiendas de comestibles m\u00e1s grandes para llegar a sus diversos clientes.<\/p>\n            <\/div>\n<\/div><div class=\"vc_empty_space\"   style=\"height: 40px\"><span class=\"vc_empty_space_inner\"><\/span><\/div><\/div><\/div><\/div><div class=\"wpb_column vc_column_container vc_col-sm-3\"><div class=\"vc_column-inner\"><div class=\"wpb_wrapper\"><div class=\"eltdf-image-with-text-holder\">\n    <div class=\"eltdf-iwt-image\">\n                                    <img loading=\"lazy\" decoding=\"async\" width=\"500\" height=\"500\" src=\"https:\/\/i0.wp.com\/www.elcondorchicago.com\/wp-content\/uploads\/2021\/06\/El-Condor-Vendor-Food-Distribution.jpg?fit=500%2C500&amp;ssl=1\" class=\"attachment-full size-full\" alt=\"El Condor Vendor Food Distribution\" srcset=\"https:\/\/i0.wp.com\/www.elcondorchicago.com\/wp-content\/uploads\/2021\/06\/El-Condor-Vendor-Food-Distribution.jpg?w=500&amp;ssl=1 500w, https:\/\/i0.wp.com\/www.elcondorchicago.com\/wp-content\/uploads\/2021\/06\/El-Condor-Vendor-Food-Distribution.jpg?resize=300%2C300&amp;ssl=1 300w, https:\/\/i0.wp.com\/www.elcondorchicago.com\/wp-content\/uploads\/2021\/06\/El-Condor-Vendor-Food-Distribution.jpg?resize=150%2C150&amp;ssl=1 150w\" sizes=\"(max-width: 500px) 100vw, 500px\" \/>                        <\/div>\n    <div class=\"eltdf-iwt-text-holder\">\n                    <h3 class=\"eltdf-iwt-title\" >Proveedores independientes<\/h3>\n        \t\t            <p class=\"eltdf-iwt-text\" >Seguimos apoyando a las comunidades, hasta al individuo.<\/p>\n            <\/div>\n<\/div><div class=\"vc_empty_space\"   style=\"height: 40px\"><span class=\"vc_empty_space_inner\"><\/span><\/div><\/div><\/div><\/div><\/div><\/div><\/div><\/div><\/div><\/div><div class=\"vc_row wpb_row vc_row-fluid vc_custom_1624734109175 eltdf-row-type-row\" style=\"\"><div class=\"wpb_column vc_column_container vc_col-sm-12\"><div class=\"vc_column-inner\"><div class=\"wpb_wrapper\"><h2 style=\"text-align: center;font-family:Abril Fatface;font-weight:400;font-style:normal\" class=\"vc_custom_heading vc_do_custom_heading\" >Estamos orgullosos de servir<\/h2>\n\t<div class=\"wpb_text_column wpb_content_element vc_custom_1624734638762\" >\n\t\t<div class=\"wpb_wrapper\">\n\t\t\t<p style=\"text-align: center;\">Estamos orgullosos de servir no solo a nuestra comunidad local, sino de ayudar a proporcionar alimentos y productos a todas las comunidades que extra\u00f1an el sabor de su tierra natal.<\/p>\n<p style=\"text-align: center;\">Si est\u00e1 buscando productos ecuatorianos y peruanos en sus tiendas de comestibles locales, comun\u00edquese con el formulario a continuaci\u00f3n y estaremos encantados de comunicarnos con usted.<\/p>\n\n\t\t<\/div>\n\t<\/div>\n<div class=\"vc_empty_space\"   style=\"height: 32px\"><span class=\"vc_empty_space_inner\"><\/span><\/div>\n\t<div class=\"wpb_text_column wpb_content_element vc_custom_1648504719536\" >\n\t\t<div class=\"wpb_wrapper\">\n\t\t\t<div class=\"forminator-ui forminator-custom-form forminator-custom-form-9428 forminator-design--default  forminator_ajax\" data-forminator-render=\"0\" data-form=\"forminator-module-9428\" data-uid=\"69ea4a8f76614\"><br\/><\/div><form\n\t\t\t\tid=\"forminator-module-9428\"\n\t\t\t\tclass=\"forminator-ui forminator-custom-form forminator-custom-form-9428 forminator-design--default  forminator_ajax\"\n\t\t\t\tmethod=\"post\"\n\t\t\t\tdata-forminator-render=\"0\"\n\t\t\t\tdata-form-id=\"9428\"\n\t\t\t\t data-color-option=\"default\" data-design=\"default\" data-grid=\"open\" style=\"display: none;\"\n\t\t\t\tdata-uid=\"69ea4a8f76614\" action=\"\"\n\t\t\t><div role=\"alert\" aria-live=\"polite\" class=\"forminator-response-message forminator-error\" aria-hidden=\"true\"><\/div><div class=\"forminator-row\"><div id=\"name-1\" class=\"forminator-field-name forminator-col forminator-col-6\"><div class=\"forminator-field\"><label for=\"forminator-field-name-1_69ea4a8f76614\" id=\"forminator-field-name-1_69ea4a8f76614-label\" class=\"forminator-label\">Primer nombre <span class=\"forminator-required\">*<\/span><\/label><input type=\"text\" name=\"name-1\" value=\"\" placeholder=\"Ejemplo - Juan\" id=\"forminator-field-name-1_69ea4a8f76614\" class=\"forminator-input forminator-name--field\" aria-required=\"true\" autocomplete=\"name\" \/><\/div><\/div><div id=\"name-2\" class=\"forminator-field-name forminator-col forminator-col-6\"><div class=\"forminator-field\"><label for=\"forminator-field-name-2_69ea4a8f76614\" id=\"forminator-field-name-2_69ea4a8f76614-label\" class=\"forminator-label\">Apellido <span class=\"forminator-required\">*<\/span><\/label><input type=\"text\" name=\"name-2\" value=\"\" placeholder=\"Ejemplo - Rodriguez\" id=\"forminator-field-name-2_69ea4a8f76614\" class=\"forminator-input forminator-name--field\" aria-required=\"true\" autocomplete=\"name\" \/><\/div><\/div><\/div><div class=\"forminator-row\"><div id=\"email-1\" class=\"forminator-field-email forminator-col forminator-col-12\"><div class=\"forminator-field\"><label for=\"forminator-field-email-1_69ea4a8f76614\" id=\"forminator-field-email-1_69ea4a8f76614-label\" class=\"forminator-label\">Correo Electr\u00f3nico <span class=\"forminator-required\">*<\/span><\/label><input type=\"email\" name=\"email-1\" value=\"\" placeholder=\"Ejemplo - juan@rodriguez.com\" id=\"forminator-field-email-1_69ea4a8f76614\" class=\"forminator-input forminator-email--field\" data-required=\"true\" aria-required=\"true\" autocomplete=\"email\" \/><\/div><\/div><\/div><div class=\"forminator-row\"><div id=\"phone-1\" class=\"forminator-field-phone forminator-col forminator-col-12\"><div class=\"forminator-field\"><label for=\"forminator-field-phone-1_69ea4a8f76614\" id=\"forminator-field-phone-1_69ea4a8f76614-label\" class=\"forminator-label\">N\u00famero de tel\u00e9fono<\/label><input type=\"text\" name=\"phone-1\" value=\"\" placeholder=\"Ejemplo - +1 3004005000\" id=\"forminator-field-phone-1_69ea4a8f76614\" class=\"forminator-input forminator-field--phone\" data-required=\"\" aria-required=\"false\" autocomplete=\"off\" \/><\/div><\/div><\/div><div class=\"forminator-row\"><div id=\"text-1\" class=\"forminator-field-text forminator-col forminator-col-12\"><div class=\"forminator-field\"><label for=\"forminator-field-text-1_69ea4a8f76614\" id=\"forminator-field-text-1_69ea4a8f76614-label\" class=\"forminator-label\">Compa\u00f1\u00eda <span class=\"forminator-required\">*<\/span><\/label><input type=\"text\" name=\"text-1\" value=\"\" placeholder=\"Su Compa\u00f1\u00eda\" id=\"forminator-field-text-1_69ea4a8f76614\" class=\"forminator-input forminator-name--field\" data-required=\"1\" \/><\/div><\/div><\/div><div class=\"forminator-row\"><div id=\"textarea-1\" class=\"forminator-field-textarea forminator-col forminator-col-12\"><div class=\"forminator-field\"><label for=\"forminator-field-textarea-1_69ea4a8f76614\" id=\"forminator-field-textarea-1_69ea4a8f76614-label\" class=\"forminator-label\">\u00bfC\u00f3mo podemos ayudarte? <span class=\"forminator-required\">*<\/span><\/label><textarea name=\"textarea-1\" placeholder=\"Su mensaje...\" id=\"forminator-field-textarea-1_69ea4a8f76614\" class=\"forminator-textarea\" rows=\"6\" style=\"--forminator-textarea-min-height:140px;\" maxlength=\"180\" ><\/textarea><span id=\"forminator-field-textarea-1_69ea4a8f76614-description\" class=\"forminator-description\"><span data-limit=\"180\" data-type=\"characters\" data-editor=\"\">0 \/ 180<\/span><\/span><\/div><\/div><\/div><input type=\"hidden\" name=\"referer_url\" value=\"\" \/><div class=\"forminator-row forminator-row-last\"><div class=\"forminator-col\"><div class=\"forminator-field\"><button class=\"forminator-button forminator-button-submit\">Enviar mensaje<\/button><\/div><\/div><\/div><input type=\"hidden\" id=\"forminator_nonce\" name=\"forminator_nonce\" value=\"5f5582bd63\" \/><input type=\"hidden\" name=\"_wp_http_referer\" value=\"\/es\/wp-json\/wp\/v2\/pages\/20\" \/><input type=\"hidden\" name=\"form_id\" value=\"9428\"><input type=\"hidden\" name=\"page_id\" value=\"20\"><input type=\"hidden\" name=\"form_type\" value=\"default\"><input type=\"hidden\" name=\"current_url\" value=\"https:\/\/www.elcondorchicago.com\/es\/nosotros\/distribucion\/\"><input type=\"hidden\" name=\"render_id\" value=\"0\"><input type=\"hidden\" name=\"action\" value=\"forminator_submit_form_custom-forms\"><input type=\"hidden\" name=\"trp-form-language\" value=\"es\"\/><\/form>\n\n\t\t<\/div>\n\t<\/div>\n<\/div><\/div><\/div><\/div>\n<\/div>","protected":false},"excerpt":{"rendered":"Farther reach, closer Andean experience As El Condor built relationships with the local Ecuadorian and Peruvian community, we began to get attention from neighboring grocery stores in Chicago. We began serving other Chicago grocers as a specialty food distributor, delivering popular products from South America. [...]","protected":false},"author":1,"featured_media":0,"parent":16,"menu_order":0,"comment_status":"closed","ping_status":"closed","template":"full-width.php","meta":{"nf_dc_page":"","om_disable_all_campaigns":false,"wprm-recipe-roundup-name":"","wprm-recipe-roundup-description":"","_monsterinsights_skip_tracking":false,"_monsterinsights_sitenote_active":false,"_monsterinsights_sitenote_note":"","_monsterinsights_sitenote_category":0,"_uf_show_specific_survey":0,"_uf_disable_surveys":false,"footnotes":""},"class_list":["post-20","page","type-page","status-publish","hentry"],"yoast_head":"<!-- This site is optimized with the Yoast SEO plugin v27.4 - https:\/\/yoast.com\/product\/yoast-seo-wordpress\/ -->\n<title>Ecuadorian Food Distributor &amp; Wholesale in Chicago | El Condor<\/title>\n<meta name=\"description\" content=\"El Condor is the leading wholesale distributor in Ecuadorian &amp; Peruvian products. Shop our high quality &amp; diverse South American product catalog.\" \/>\n<meta name=\"robots\" content=\"index, follow, max-snippet:-1, max-image-preview:large, max-video-preview:-1\" \/>\n<link rel=\"canonical\" href=\"https:\/\/www.elcondorchicago.com\/es\/nosotros\/distribucion\/\" \/>\n<meta property=\"og:locale\" content=\"es_ES\" \/>\n<meta property=\"og:type\" content=\"article\" \/>\n<meta property=\"og:title\" content=\"Ecuadorian Food Distributor &amp; Wholesale in Chicago | El Condor\" \/>\n<meta property=\"og:description\" content=\"El Condor is the leading wholesale distributor in Ecuadorian &amp; Peruvian products. Shop our high quality &amp; diverse South American product catalog.\" \/>\n<meta property=\"og:url\" content=\"https:\/\/www.elcondorchicago.com\/es\/nosotros\/distribucion\/\" \/>\n<meta property=\"og:site_name\" content=\"El Condor\" \/>\n<meta property=\"article:publisher\" content=\"https:\/\/www.facebook.com\/elcondorchicago\/\" \/>\n<meta property=\"article:modified_time\" content=\"2022-03-28T22:01:20+00:00\" \/>\n<meta name=\"twitter:card\" content=\"summary_large_image\" \/>\n<meta name=\"twitter:label1\" content=\"Tiempo de lectura\" \/>\n\t<meta name=\"twitter:data1\" content=\"2 minutos\" \/>\n<script type=\"application\/ld+json\" class=\"yoast-schema-graph\">{\"@context\":\"https:\\\/\\\/schema.org\",\"@graph\":[{\"@type\":\"WebPage\",\"@id\":\"https:\\\/\\\/www.elcondorchicago.com\\\/about\\\/food-distribution\\\/\",\"url\":\"https:\\\/\\\/www.elcondorchicago.com\\\/about\\\/food-distribution\\\/\",\"name\":\"Ecuadorian Food Distributor & Wholesale in Chicago | El Condor\",\"isPartOf\":{\"@id\":\"https:\\\/\\\/www.elcondorchicago.com\\\/#website\"},\"datePublished\":\"2021-05-15T18:03:43+00:00\",\"dateModified\":\"2022-03-28T22:01:20+00:00\",\"description\":\"El Condor is the leading wholesale distributor in Ecuadorian & Peruvian products. Shop our high quality & diverse South American product catalog.\",\"breadcrumb\":{\"@id\":\"https:\\\/\\\/www.elcondorchicago.com\\\/about\\\/food-distribution\\\/#breadcrumb\"},\"inLanguage\":\"es\",\"potentialAction\":[{\"@type\":\"ReadAction\",\"target\":[\"https:\\\/\\\/www.elcondorchicago.com\\\/about\\\/food-distribution\\\/\"]}]},{\"@type\":\"BreadcrumbList\",\"@id\":\"https:\\\/\\\/www.elcondorchicago.com\\\/about\\\/food-distribution\\\/#breadcrumb\",\"itemListElement\":[{\"@type\":\"ListItem\",\"position\":1,\"name\":\"Home\",\"item\":\"https:\\\/\\\/www.elcondorchicago.com\\\/\"},{\"@type\":\"ListItem\",\"position\":2,\"name\":\"About\",\"item\":\"https:\\\/\\\/www.elcondorchicago.com\\\/about\\\/\"},{\"@type\":\"ListItem\",\"position\":3,\"name\":\"Food Distribution\"}]},{\"@type\":\"WebSite\",\"@id\":\"https:\\\/\\\/www.elcondorchicago.com\\\/#website\",\"url\":\"https:\\\/\\\/www.elcondorchicago.com\\\/\",\"name\":\"El Condor\",\"description\":\"\",\"publisher\":{\"@id\":\"https:\\\/\\\/www.elcondorchicago.com\\\/#organization\"},\"potentialAction\":[{\"@type\":\"SearchAction\",\"target\":{\"@type\":\"EntryPoint\",\"urlTemplate\":\"https:\\\/\\\/www.elcondorchicago.com\\\/?s={search_term_string}\"},\"query-input\":{\"@type\":\"PropertyValueSpecification\",\"valueRequired\":true,\"valueName\":\"search_term_string\"}}],\"inLanguage\":\"es\"},{\"@type\":\"Organization\",\"@id\":\"https:\\\/\\\/www.elcondorchicago.com\\\/#organization\",\"name\":\"El Condor\",\"url\":\"https:\\\/\\\/www.elcondorchicago.com\\\/\",\"logo\":{\"@type\":\"ImageObject\",\"inLanguage\":\"es\",\"@id\":\"https:\\\/\\\/www.elcondorchicago.com\\\/#\\\/schema\\\/logo\\\/image\\\/\",\"url\":\"https:\\\/\\\/i0.wp.com\\\/www.elcondorchicago.com\\\/wp-content\\\/uploads\\\/2021\\\/06\\\/El-Condor-Ecuadorian-Food-Distribution.png?fit=2000%2C2000&ssl=1\",\"contentUrl\":\"https:\\\/\\\/i0.wp.com\\\/www.elcondorchicago.com\\\/wp-content\\\/uploads\\\/2021\\\/06\\\/El-Condor-Ecuadorian-Food-Distribution.png?fit=2000%2C2000&ssl=1\",\"width\":2000,\"height\":2000,\"caption\":\"El Condor\"},\"image\":{\"@id\":\"https:\\\/\\\/www.elcondorchicago.com\\\/#\\\/schema\\\/logo\\\/image\\\/\"},\"sameAs\":[\"https:\\\/\\\/www.facebook.com\\\/elcondorchicago\\\/\",\"https:\\\/\\\/www.instagram.com\\\/el.condor.chicago\\\/\",\"https:\\\/\\\/www.linkedin.com\\\/company\\\/el-condor\"]}]}<\/script>\n<!-- \/ Yoast SEO plugin. -->","yoast_head_json":{"title":"Distribuidora de Productos Ecuatorianos y Peruanos en Chicago | El Condor","description":"El Condor es el distribuidor mayorista l\u00edder en productos Ecuatorianos y Peruanos. Compre de nuestro linea de productos Sudamericanos de alta calidad y diversidad.","robots":{"index":"index","follow":"follow","max-snippet":"max-snippet:-1","max-image-preview":"max-image-preview:large","max-video-preview":"max-video-preview:-1"},"canonical":"https:\/\/www.elcondorchicago.com\/es\/nosotros\/distribucion\/","og_locale":"es_ES","og_type":"article","og_title":"Ecuadorian Food Distributor & Wholesale in Chicago | El Condor","og_description":"El Condor is the leading wholesale distributor in Ecuadorian & Peruvian products. Shop our high quality & diverse South American product catalog.","og_url":"https:\/\/www.elcondorchicago.com\/es\/nosotros\/distribucion\/","og_site_name":"El Condor","article_publisher":"https:\/\/www.facebook.com\/elcondorchicago\/","article_modified_time":"2022-03-28T22:01:20+00:00","twitter_card":"summary_large_image","twitter_misc":{"Tiempo de lectura":"2 minutos"},"schema":{"@context":"https:\/\/schema.org","@graph":[{"@type":"WebPage","@id":"https:\/\/www.elcondorchicago.com\/about\/food-distribution\/","url":"https:\/\/www.elcondorchicago.com\/about\/food-distribution\/","name":"Distribuidora de Productos Ecuatorianos y Peruanos en Chicago | El Condor","isPartOf":{"@id":"https:\/\/www.elcondorchicago.com\/#website"},"datePublished":"2021-05-15T18:03:43+00:00","dateModified":"2022-03-28T22:01:20+00:00","description":"El Condor es el distribuidor mayorista l\u00edder en productos Ecuatorianos y Peruanos. Compre de nuestro linea de productos Sudamericanos de alta calidad y diversidad.","breadcrumb":{"@id":"https:\/\/www.elcondorchicago.com\/about\/food-distribution\/#breadcrumb"},"inLanguage":"es","potentialAction":[{"@type":"ReadAction","target":["https:\/\/www.elcondorchicago.com\/about\/food-distribution\/"]}]},{"@type":"BreadcrumbList","@id":"https:\/\/www.elcondorchicago.com\/about\/food-distribution\/#breadcrumb","itemListElement":[{"@type":"ListItem","position":1,"name":"Home","item":"https:\/\/www.elcondorchicago.com\/"},{"@type":"ListItem","position":2,"name":"About","item":"https:\/\/www.elcondorchicago.com\/about\/"},{"@type":"ListItem","position":3,"name":"Food Distribution"}]},{"@type":"WebSite","@id":"https:\/\/www.elcondorchicago.com\/#website","url":"https:\/\/www.elcondorchicago.com\/","name":"El Condor","description":"","publisher":{"@id":"https:\/\/www.elcondorchicago.com\/#organization"},"potentialAction":[{"@type":"SearchAction","target":{"@type":"EntryPoint","urlTemplate":"https:\/\/www.elcondorchicago.com\/?s={search_term_string}"},"query-input":{"@type":"PropertyValueSpecification","valueRequired":true,"valueName":"search_term_string"}}],"inLanguage":"es"},{"@type":"Organization","@id":"https:\/\/www.elcondorchicago.com\/#organization","name":"El Condor","url":"https:\/\/www.elcondorchicago.com\/","logo":{"@type":"ImageObject","inLanguage":"es","@id":"https:\/\/www.elcondorchicago.com\/#\/schema\/logo\/image\/","url":"https:\/\/i0.wp.com\/www.elcondorchicago.com\/wp-content\/uploads\/2021\/06\/El-Condor-Ecuadorian-Food-Distribution.png?fit=2000%2C2000&ssl=1","contentUrl":"https:\/\/i0.wp.com\/www.elcondorchicago.com\/wp-content\/uploads\/2021\/06\/El-Condor-Ecuadorian-Food-Distribution.png?fit=2000%2C2000&ssl=1","width":2000,"height":2000,"caption":"El Condor"},"image":{"@id":"https:\/\/www.elcondorchicago.com\/#\/schema\/logo\/image\/"},"sameAs":["https:\/\/www.facebook.com\/elcondorchicago\/","https:\/\/www.instagram.com\/el.condor.chicago\/","https:\/\/www.linkedin.com\/company\/el-condor"]}]}},"jetpack_sharing_enabled":true,"_links":{"self":[{"href":"https:\/\/www.elcondorchicago.com\/es\/wp-json\/wp\/v2\/pages\/20","targetHints":{"allow":["GET"]}}],"collection":[{"href":"https:\/\/www.elcondorchicago.com\/es\/wp-json\/wp\/v2\/pages"}],"about":[{"href":"https:\/\/www.elcondorchicago.com\/es\/wp-json\/wp\/v2\/types\/page"}],"author":[{"embeddable":true,"href":"https:\/\/www.elcondorchicago.com\/es\/wp-json\/wp\/v2\/users\/1"}],"replies":[{"embeddable":true,"href":"https:\/\/www.elcondorchicago.com\/es\/wp-json\/wp\/v2\/comments?post=20"}],"version-history":[{"count":5,"href":"https:\/\/www.elcondorchicago.com\/es\/wp-json\/wp\/v2\/pages\/20\/revisions"}],"predecessor-version":[{"id":9441,"href":"https:\/\/www.elcondorchicago.com\/es\/wp-json\/wp\/v2\/pages\/20\/revisions\/9441"}],"up":[{"embeddable":true,"href":"https:\/\/www.elcondorchicago.com\/es\/wp-json\/wp\/v2\/pages\/16"}],"wp:attachment":[{"href":"https:\/\/www.elcondorchicago.com\/es\/wp-json\/wp\/v2\/media?parent=20"}],"curies":[{"name":"wp","href":"https:\/\/api.w.org\/{rel}","templated":true}]}}