{"id":22,"date":"2021-05-15T18:04:10","date_gmt":"2021-05-15T18:04:10","guid":{"rendered":"https:\/\/flg.aqp.mybluehost.me\/?page_id=22"},"modified":"2022-03-30T22:14:26","modified_gmt":"2022-03-30T22:14:26","slug":"contact-us","status":"publish","type":"page","link":"https:\/\/www.elcondorchicago.com\/es\/contactenos\/","title":{"rendered":"Cont\u00e1ctenos"},"content":{"rendered":"<div class=\"wpb-content-wrapper\"><div class=\"eltdf-row-grid-section\"><div class=\"vc_row wpb_row vc_row-fluid vc_custom_1624051306658 eltdf-content-aligment-left eltdf-row-type-row\" style=\"\"><div class=\"wpb_column vc_column_container vc_col-sm-12 vc_col-lg-6 vc_col-md-12\"><div class=\"vc_column-inner vc_custom_1622684863504\"><div class=\"wpb_wrapper\"><h2 style=\"font-size: 18px;color: #98d8e4;line-height: 5px;text-align: left;font-family:Signika;font-weight:700;font-style:normal\" class=\"vc_custom_heading vc_do_custom_heading vc_custom_1624051699946\" >Cont\u00e1ctenos<\/h2><div class=\"vc_empty_space\"   style=\"height: 15px\"><span class=\"vc_empty_space_inner\"><\/span><\/div><h3 style=\"font-size: 30px;color: #363636;line-height: 5px;text-align: left;font-family:Signika;font-weight:700;font-style:normal\" class=\"vc_custom_heading vc_do_custom_heading\" >Direcci\u00f3n<\/h3>\n\t<div class=\"wpb_text_column wpb_content_element\" >\n\t\t<div class=\"wpb_wrapper\">\n\t\t\t<p>\u00bfQuieres hablar sobre nuestros productos? Comun\u00edquese con nosotros, ll\u00e1menos o env\u00edenos un correo electr\u00f3nico hoy mismo.<\/p>\n\n\t\t<\/div>\n\t<\/div>\n<div class=\"vc_empty_space\"   style=\"height: 50px\"><span class=\"vc_empty_space_inner\"><\/span><\/div><div class=\"vc_row wpb_row vc_inner vc_row-fluid\"><div class=\"wpb_column vc_column_container vc_col-sm-12 vc_col-lg-6 vc_col-md-12\"><div class=\"vc_column-inner\"><div class=\"wpb_wrapper\"><h4 style=\"font-size: 18px;color: #363636;line-height: 0;text-align: left;font-family:Signika;font-weight:700;font-style:normal\" class=\"vc_custom_heading vc_do_custom_heading\" >El Condor<\/h4>\n\t<div class=\"wpb_text_column wpb_content_element\" >\n\t\t<div class=\"wpb_wrapper\">\n\t\t\t<p>2349 N Milwaukee Ave,<br \/>\nChicago, IL 60647<br \/>\nTel\u00e9fono: <a>1-773-252-5112<\/a><\/p>\n\n\t\t<\/div>\n\t<\/div>\n<\/div><\/div><\/div><\/div><\/div><\/div><\/div><div class=\"wpb_column vc_column_container vc_col-sm-12 vc_col-lg-6 vc_col-md-12\"><div class=\"vc_column-inner\"><div class=\"wpb_wrapper\"><div class=\"vc_row wpb_row vc_inner vc_row-fluid\"><div class=\"wpb_column vc_column_container vc_col-sm-12\"><div class=\"vc_column-inner\"><div class=\"wpb_wrapper\">\n\t<div class=\"wpb_text_column wpb_content_element\" >\n\t\t<div class=\"wpb_wrapper\">\n\t\t\t<p style=\"text-align: left;\"><div class=\"forminator-ui forminator-custom-form forminator-custom-form-9443 forminator-design--default  forminator_ajax\" data-forminator-render=\"0\" data-form=\"forminator-module-9443\" data-uid=\"69ea606e0b375\"><br\/><\/div><form\n\t\t\t\tid=\"forminator-module-9443\"\n\t\t\t\tclass=\"forminator-ui forminator-custom-form forminator-custom-form-9443 forminator-design--default  forminator_ajax\"\n\t\t\t\tmethod=\"post\"\n\t\t\t\tdata-forminator-render=\"0\"\n\t\t\t\tdata-form-id=\"9443\"\n\t\t\t\t data-color-option=\"default\" data-design=\"default\" data-grid=\"open\" style=\"display: none;\"\n\t\t\t\tdata-uid=\"69ea606e0b375\" action=\"\"\n\t\t\t><div role=\"alert\" aria-live=\"polite\" class=\"forminator-response-message forminator-error\" aria-hidden=\"true\"><\/div><div class=\"forminator-row\"><div id=\"name-1\" class=\"forminator-field-name forminator-col forminator-col-6\"><div class=\"forminator-field\"><label for=\"forminator-field-name-1_69ea606e0b375\" id=\"forminator-field-name-1_69ea606e0b375-label\" class=\"forminator-label\">Primer nombre<\/label><input type=\"text\" name=\"name-1\" value=\"\" placeholder=\"Ejemplo - Juan\" id=\"forminator-field-name-1_69ea606e0b375\" class=\"forminator-input forminator-name--field\" aria-required=\"false\" autocomplete=\"name\" \/><\/div><\/div><div id=\"name-2\" class=\"forminator-field-name forminator-col forminator-col-6\"><div class=\"forminator-field\"><label for=\"forminator-field-name-2_69ea606e0b375\" id=\"forminator-field-name-2_69ea606e0b375-label\" class=\"forminator-label\">Apellido <span class=\"forminator-required\">*<\/span><\/label><input type=\"text\" name=\"name-2\" value=\"\" placeholder=\"Ejemplo - Rodriguez\" id=\"forminator-field-name-2_69ea606e0b375\" class=\"forminator-input forminator-name--field\" aria-required=\"true\" autocomplete=\"name\" \/><\/div><\/div><\/div><div class=\"forminator-row\"><div id=\"email-1\" class=\"forminator-field-email forminator-col forminator-col-12\"><div class=\"forminator-field\"><label for=\"forminator-field-email-1_69ea606e0b375\" id=\"forminator-field-email-1_69ea606e0b375-label\" class=\"forminator-label\">Correo Electr\u00f3nico <span class=\"forminator-required\">*<\/span><\/label><input type=\"email\" name=\"email-1\" value=\"\" placeholder=\"Ejemplo - juan@rodriguez.com\" id=\"forminator-field-email-1_69ea606e0b375\" class=\"forminator-input forminator-email--field\" data-required=\"true\" aria-required=\"true\" autocomplete=\"email\" \/><\/div><\/div><\/div><div class=\"forminator-row\"><div id=\"phone-1\" class=\"forminator-field-phone forminator-col forminator-col-12\"><div class=\"forminator-field\"><label for=\"forminator-field-phone-1_69ea606e0b375\" id=\"forminator-field-phone-1_69ea606e0b375-label\" class=\"forminator-label\">N\u00famero de tel\u00e9fono<\/label><input type=\"text\" name=\"phone-1\" value=\"\" placeholder=\"Ejemplo - +1 3004005000\" id=\"forminator-field-phone-1_69ea606e0b375\" class=\"forminator-input forminator-field--phone\" data-required=\"\" aria-required=\"false\" autocomplete=\"off\" \/><\/div><\/div><\/div><div class=\"forminator-row\"><div id=\"textarea-1\" class=\"forminator-field-textarea forminator-col forminator-col-12\"><div class=\"forminator-field\"><label for=\"forminator-field-textarea-1_69ea606e0b375\" id=\"forminator-field-textarea-1_69ea606e0b375-label\" class=\"forminator-label\">\u00bfC\u00f3mo podemos ayudarte? <span class=\"forminator-required\">*<\/span><\/label><textarea name=\"textarea-1\" placeholder=\"Su mensaje...\" id=\"forminator-field-textarea-1_69ea606e0b375\" class=\"forminator-textarea\" rows=\"6\" style=\"--forminator-textarea-min-height:140px;\" maxlength=\"180\" ><\/textarea><span id=\"forminator-field-textarea-1_69ea606e0b375-description\" class=\"forminator-description\"><span data-limit=\"180\" data-type=\"characters\" data-editor=\"\">0 \/ 180<\/span><\/span><\/div><\/div><\/div><input type=\"hidden\" name=\"referer_url\" value=\"\" \/><div class=\"forminator-row forminator-row-last\"><div class=\"forminator-col\"><div class=\"forminator-field\"><button class=\"forminator-button forminator-button-submit\">Enviar mensaje<\/button><\/div><\/div><\/div><input type=\"hidden\" id=\"forminator_nonce\" name=\"forminator_nonce\" value=\"41d64ccd5f\" \/><input type=\"hidden\" name=\"_wp_http_referer\" value=\"\/es\/wp-json\/wp\/v2\/pages\/22\" \/><input type=\"hidden\" name=\"form_id\" value=\"9443\"><input type=\"hidden\" name=\"page_id\" value=\"22\"><input type=\"hidden\" name=\"form_type\" value=\"default\"><input type=\"hidden\" name=\"current_url\" value=\"https:\/\/www.elcondorchicago.com\/es\/contactenos\/\"><input type=\"hidden\" name=\"render_id\" value=\"0\"><input type=\"hidden\" name=\"action\" value=\"forminator_submit_form_custom-forms\"><input type=\"hidden\" name=\"trp-form-language\" value=\"es\"\/><\/form><\/p>\n\n\t\t<\/div>\n\t<\/div>\n<\/div><\/div><\/div><\/div><\/div><\/div><\/div><\/div><\/div><div class=\"vc_row wpb_row vc_row-fluid eltdf-row-type-row\" style=\"\"><div class=\"wpb_column vc_column_container vc_col-sm-12\"><div class=\"vc_column-inner\"><div class=\"wpb_wrapper\"><div class=\"wpb_gmaps_widget wpb_content_element\"><div class=\"wpb_wrapper\"><div class=\"wpb_map_wraper\"><iframe src=\"https:\/\/www.google.com\/maps\/embed?pb=!1m14!1m8!1m3!1d11874.207076678824!2d-87.6988434!3d41.9239935!3m2!1i1024!2i768!4f13.1!3m3!1m2!1s0x0%3A0x699cfcde5812be29!2sEl%20Condor!5e0!3m2!1sen!2sus!4v1621477882352!5m2!1sen!2sus\" width=\"600\" height=\"450\" style=\"border:0;\" allowfullscreen=\"\" loading=\"lazy\"><\/iframe><\/div><\/div><\/div>\n\t<div class=\"wpb_text_column wpb_content_element\" >\n\t\t<div class=\"wpb_wrapper\">\n\t\t\t\n\t\t<\/div>\n\t<\/div>\n<\/div><\/div><\/div><\/div><!-- \/wp:post-content --><\/div>","protected":false},"excerpt":{"rendered":"Contact UsAddress Want to talk about our products? Let's get in touch - call us or email us today! El Condor 2349 N Milwaukee Ave, Chicago, IL 60647 Phone: 1-773-252-5112 First NameLast Name *Email Address *Phone NumberHow could we help you? *0 \/ 180Send Message","protected":false},"author":1,"featured_media":0,"parent":0,"menu_order":0,"comment_status":"closed","ping_status":"closed","template":"full-width.php","meta":{"nf_dc_page":"","om_disable_all_campaigns":false,"wprm-recipe-roundup-name":"","wprm-recipe-roundup-description":"","_monsterinsights_skip_tracking":false,"_monsterinsights_sitenote_active":false,"_monsterinsights_sitenote_note":"","_monsterinsights_sitenote_category":0,"_uf_show_specific_survey":0,"_uf_disable_surveys":false,"footnotes":""},"class_list":["post-22","page","type-page","status-publish","hentry"],"yoast_head":"<!-- This site is optimized with the Yoast SEO plugin v27.4 - https:\/\/yoast.com\/product\/yoast-seo-wordpress\/ -->\n<title>Contact Us | El Condor Chicago<\/title>\n<meta name=\"description\" content=\"Contact El Condor; visit our Ecuadorian &amp; Peruvian grocery store or shop our product catalog of South American products.\" \/>\n<meta name=\"robots\" content=\"index, follow, max-snippet:-1, max-image-preview:large, max-video-preview:-1\" \/>\n<link rel=\"canonical\" href=\"https:\/\/www.elcondorchicago.com\/es\/contactenos\/\" \/>\n<meta property=\"og:locale\" content=\"es_ES\" \/>\n<meta property=\"og:type\" content=\"article\" \/>\n<meta property=\"og:title\" content=\"Contact Us | El Condor Chicago\" \/>\n<meta property=\"og:description\" content=\"Contact El Condor; visit our Ecuadorian &amp; Peruvian grocery store or shop our product catalog of South American products.\" \/>\n<meta property=\"og:url\" content=\"https:\/\/www.elcondorchicago.com\/es\/contactenos\/\" \/>\n<meta property=\"og:site_name\" content=\"El Condor\" \/>\n<meta property=\"article:publisher\" content=\"https:\/\/www.facebook.com\/elcondorchicago\/\" \/>\n<meta property=\"article:modified_time\" content=\"2022-03-30T22:14:26+00:00\" \/>\n<meta name=\"twitter:card\" content=\"summary_large_image\" \/>\n<meta name=\"twitter:label1\" content=\"Tiempo de lectura\" \/>\n\t<meta name=\"twitter:data1\" content=\"1 minuto\" \/>\n<script type=\"application\/ld+json\" class=\"yoast-schema-graph\">{\"@context\":\"https:\\\/\\\/schema.org\",\"@graph\":[{\"@type\":\"WebPage\",\"@id\":\"https:\\\/\\\/www.elcondorchicago.com\\\/contact-us\\\/\",\"url\":\"https:\\\/\\\/www.elcondorchicago.com\\\/contact-us\\\/\",\"name\":\"Contact Us | El Condor Chicago\",\"isPartOf\":{\"@id\":\"https:\\\/\\\/www.elcondorchicago.com\\\/#website\"},\"datePublished\":\"2021-05-15T18:04:10+00:00\",\"dateModified\":\"2022-03-30T22:14:26+00:00\",\"description\":\"Contact El Condor; visit our Ecuadorian & Peruvian grocery store or shop our product catalog of South American products.\",\"breadcrumb\":{\"@id\":\"https:\\\/\\\/www.elcondorchicago.com\\\/contact-us\\\/#breadcrumb\"},\"inLanguage\":\"es\",\"potentialAction\":[{\"@type\":\"ReadAction\",\"target\":[\"https:\\\/\\\/www.elcondorchicago.com\\\/contact-us\\\/\"]}]},{\"@type\":\"BreadcrumbList\",\"@id\":\"https:\\\/\\\/www.elcondorchicago.com\\\/contact-us\\\/#breadcrumb\",\"itemListElement\":[{\"@type\":\"ListItem\",\"position\":1,\"name\":\"Home\",\"item\":\"https:\\\/\\\/www.elcondorchicago.com\\\/\"},{\"@type\":\"ListItem\",\"position\":2,\"name\":\"Contact Us\"}]},{\"@type\":\"WebSite\",\"@id\":\"https:\\\/\\\/www.elcondorchicago.com\\\/#website\",\"url\":\"https:\\\/\\\/www.elcondorchicago.com\\\/\",\"name\":\"El Condor\",\"description\":\"\",\"publisher\":{\"@id\":\"https:\\\/\\\/www.elcondorchicago.com\\\/#organization\"},\"potentialAction\":[{\"@type\":\"SearchAction\",\"target\":{\"@type\":\"EntryPoint\",\"urlTemplate\":\"https:\\\/\\\/www.elcondorchicago.com\\\/?s={search_term_string}\"},\"query-input\":{\"@type\":\"PropertyValueSpecification\",\"valueRequired\":true,\"valueName\":\"search_term_string\"}}],\"inLanguage\":\"es\"},{\"@type\":\"Organization\",\"@id\":\"https:\\\/\\\/www.elcondorchicago.com\\\/#organization\",\"name\":\"El Condor\",\"url\":\"https:\\\/\\\/www.elcondorchicago.com\\\/\",\"logo\":{\"@type\":\"ImageObject\",\"inLanguage\":\"es\",\"@id\":\"https:\\\/\\\/www.elcondorchicago.com\\\/#\\\/schema\\\/logo\\\/image\\\/\",\"url\":\"https:\\\/\\\/i0.wp.com\\\/www.elcondorchicago.com\\\/wp-content\\\/uploads\\\/2021\\\/06\\\/El-Condor-Ecuadorian-Food-Distribution.png?fit=2000%2C2000&ssl=1\",\"contentUrl\":\"https:\\\/\\\/i0.wp.com\\\/www.elcondorchicago.com\\\/wp-content\\\/uploads\\\/2021\\\/06\\\/El-Condor-Ecuadorian-Food-Distribution.png?fit=2000%2C2000&ssl=1\",\"width\":2000,\"height\":2000,\"caption\":\"El Condor\"},\"image\":{\"@id\":\"https:\\\/\\\/www.elcondorchicago.com\\\/#\\\/schema\\\/logo\\\/image\\\/\"},\"sameAs\":[\"https:\\\/\\\/www.facebook.com\\\/elcondorchicago\\\/\",\"https:\\\/\\\/www.instagram.com\\\/el.condor.chicago\\\/\",\"https:\\\/\\\/www.linkedin.com\\\/company\\\/el-condor\"]}]}<\/script>\n<!-- \/ Yoast SEO plugin. -->","yoast_head_json":{"title":"Comun\u00edquese con nosotros | El Condor Chicago","description":"Comun\u00edquese con El Condor; visite nuestra tienda de abarrotes Ecuatoriana y Peruana o compre de nuestro linea de productos Sudamericanos.","robots":{"index":"index","follow":"follow","max-snippet":"max-snippet:-1","max-image-preview":"max-image-preview:large","max-video-preview":"max-video-preview:-1"},"canonical":"https:\/\/www.elcondorchicago.com\/es\/contactenos\/","og_locale":"es_ES","og_type":"article","og_title":"Contact Us | El Condor Chicago","og_description":"Contact El Condor; visit our Ecuadorian & Peruvian grocery store or shop our product catalog of South American products.","og_url":"https:\/\/www.elcondorchicago.com\/es\/contactenos\/","og_site_name":"El Condor","article_publisher":"https:\/\/www.facebook.com\/elcondorchicago\/","article_modified_time":"2022-03-30T22:14:26+00:00","twitter_card":"summary_large_image","twitter_misc":{"Tiempo de lectura":"1 minuto"},"schema":{"@context":"https:\/\/schema.org","@graph":[{"@type":"WebPage","@id":"https:\/\/www.elcondorchicago.com\/contact-us\/","url":"https:\/\/www.elcondorchicago.com\/contact-us\/","name":"Comun\u00edquese con nosotros | El Condor Chicago","isPartOf":{"@id":"https:\/\/www.elcondorchicago.com\/#website"},"datePublished":"2021-05-15T18:04:10+00:00","dateModified":"2022-03-30T22:14:26+00:00","description":"Comun\u00edquese con El Condor; visite nuestra tienda de abarrotes Ecuatoriana y Peruana o compre de nuestro linea de productos Sudamericanos.","breadcrumb":{"@id":"https:\/\/www.elcondorchicago.com\/contact-us\/#breadcrumb"},"inLanguage":"es","potentialAction":[{"@type":"ReadAction","target":["https:\/\/www.elcondorchicago.com\/contact-us\/"]}]},{"@type":"BreadcrumbList","@id":"https:\/\/www.elcondorchicago.com\/contact-us\/#breadcrumb","itemListElement":[{"@type":"ListItem","position":1,"name":"Home","item":"https:\/\/www.elcondorchicago.com\/"},{"@type":"ListItem","position":2,"name":"Contact Us"}]},{"@type":"WebSite","@id":"https:\/\/www.elcondorchicago.com\/#website","url":"https:\/\/www.elcondorchicago.com\/","name":"El Condor","description":"","publisher":{"@id":"https:\/\/www.elcondorchicago.com\/#organization"},"potentialAction":[{"@type":"SearchAction","target":{"@type":"EntryPoint","urlTemplate":"https:\/\/www.elcondorchicago.com\/?s={search_term_string}"},"query-input":{"@type":"PropertyValueSpecification","valueRequired":true,"valueName":"search_term_string"}}],"inLanguage":"es"},{"@type":"Organization","@id":"https:\/\/www.elcondorchicago.com\/#organization","name":"El Condor","url":"https:\/\/www.elcondorchicago.com\/","logo":{"@type":"ImageObject","inLanguage":"es","@id":"https:\/\/www.elcondorchicago.com\/#\/schema\/logo\/image\/","url":"https:\/\/i0.wp.com\/www.elcondorchicago.com\/wp-content\/uploads\/2021\/06\/El-Condor-Ecuadorian-Food-Distribution.png?fit=2000%2C2000&ssl=1","contentUrl":"https:\/\/i0.wp.com\/www.elcondorchicago.com\/wp-content\/uploads\/2021\/06\/El-Condor-Ecuadorian-Food-Distribution.png?fit=2000%2C2000&ssl=1","width":2000,"height":2000,"caption":"El Condor"},"image":{"@id":"https:\/\/www.elcondorchicago.com\/#\/schema\/logo\/image\/"},"sameAs":["https:\/\/www.facebook.com\/elcondorchicago\/","https:\/\/www.instagram.com\/el.condor.chicago\/","https:\/\/www.linkedin.com\/company\/el-condor"]}]}},"jetpack_sharing_enabled":true,"_links":{"self":[{"href":"https:\/\/www.elcondorchicago.com\/es\/wp-json\/wp\/v2\/pages\/22","targetHints":{"allow":["GET"]}}],"collection":[{"href":"https:\/\/www.elcondorchicago.com\/es\/wp-json\/wp\/v2\/pages"}],"about":[{"href":"https:\/\/www.elcondorchicago.com\/es\/wp-json\/wp\/v2\/types\/page"}],"author":[{"embeddable":true,"href":"https:\/\/www.elcondorchicago.com\/es\/wp-json\/wp\/v2\/users\/1"}],"replies":[{"embeddable":true,"href":"https:\/\/www.elcondorchicago.com\/es\/wp-json\/wp\/v2\/comments?post=22"}],"version-history":[{"count":5,"href":"https:\/\/www.elcondorchicago.com\/es\/wp-json\/wp\/v2\/pages\/22\/revisions"}],"predecessor-version":[{"id":9444,"href":"https:\/\/www.elcondorchicago.com\/es\/wp-json\/wp\/v2\/pages\/22\/revisions\/9444"}],"wp:attachment":[{"href":"https:\/\/www.elcondorchicago.com\/es\/wp-json\/wp\/v2\/media?parent=22"}],"curies":[{"name":"wp","href":"https:\/\/api.w.org\/{rel}","templated":true}]}}